{"id":10,"date":"2018-02-28T13:31:29","date_gmt":"2018-02-28T13:31:29","guid":{"rendered":"http:\/\/udruzenje.bprsm.com\/?page_id=10"},"modified":"2021-04-08T14:00:15","modified_gmt":"2021-04-08T14:00:15","slug":"dokumenti","status":"publish","type":"page","link":"https:\/\/upis.org.rs\/sr\/dokumenti\/","title":{"rendered":"Dokumenti"},"content":{"rendered":"<div class=\"widget shortcode-widget lsvr_document-featured-widget lsvr_document-featured-widget--shortcode\"><div class=\"widget__inner\">\n<div class=\"widget__content lsvr_document-featured-widget__content\">\n\n\t\n\t\t<h4 class=\"lsvr_document-featured-widget__title\">\n\t\t\t<a href=\"https:\/\/upis.org.rs\/sr\/documents\/test\/\" class=\"lsvr_document-featured-widget__title-link\">\n\t\t\t\tVA\u017dNI DOKUMENTI\t\t\t<\/a>\n\t\t<\/h4>\n\n\t\t\n        \n\t\t\n\t\t\n\t\t\t\t\t\t\n\t\t\t\t<ul class=\"lsvr_document-featured-widget__attachments\" title=\"Attachments\">\n\n\t\t\t\t\t\n\t\t\t\t\t\t<li class=\"lsvr_document-featured-widget__attachment\">\n\n    \t\t\t\t\t\t<span class=\"lsvr_document-featured-widget__attachment-icon lsvr_document-attachment-icon lsvr_document-attachment-icon--pdf lsvr_document-attachment-icon--pdf\"\n    \t\t\t\t\t\t\taria-hidden=\"true\"><\/span>\n\n\t\t\t\t\t\t\t<a href=\"https:\/\/upis.org.rs\/wp-content\/uploads\/2025\/10\/Upis-Statut-2023.pdf\"\n\t\t\t\t\t\t\t\ttarget=\"_blank\"\n\t\t\t\t\t\t\t\tclass=\"lsvr_document-featured-widget__attachment-link\">\n\t\t\t\t\t\t\t\tStatut Udru\u017eenja prire\u0111iva\u010da igara na sre\u0107u\t\t\t\t\t\t\t<\/a>\n\n\t\t\t\t\t\t\t\n\t\t\t\t\t\t\t\t<span class=\"screen-reader-text lsvr_document-featured-widget__attachment-extension-wrapper\" role=\"group\">\n\t\t\t\t\t\t\t\t\t<span class=\"lsvr_document-featured-widget__attachment-extension screen-reader-text\">File extension: pdf<\/span>\n\t\t\t\t\t\t\t\t<\/span>\n\n\t\t\t\t\t\t\t\n\t\t\t\t\t\t\t\n\t\t\t\t\t\t\t\n\t\t\t\t\t\t\t\t<span class=\"lsvr_document-featured-widget__attachment-label\">External<\/span>\n\n\t\t\t\t\t\t\t\n\t\t\t\t\t\t<\/li>\n\n\t\t\t\t\t\n\t\t\t\t\t\t<li class=\"lsvr_document-featured-widget__attachment\">\n\n    \t\t\t\t\t\t<span class=\"lsvr_document-featured-widget__attachment-icon lsvr_document-attachment-icon lsvr_document-attachment-icon--pdf lsvr_document-attachment-icon--pdf\"\n    \t\t\t\t\t\t\taria-hidden=\"true\"><\/span>\n\n\t\t\t\t\t\t\t<a href=\"https:\/\/upis.org.rs\/wp-content\/uploads\/2018\/03\/engleska_studija.pdf\"\n\t\t\t\t\t\t\t\ttarget=\"_blank\"\n\t\t\t\t\t\t\t\tclass=\"lsvr_document-featured-widget__attachment-link\">\n\t\t\t\t\t\t\t\tAnaliza dokumenta koji je bio klju\u010dan za poresku reformu i uop\u0161te zakonsku regulativu igara na sre\u0107u u Velikoj Britaniji\t\t\t\t\t\t\t<\/a>\n\n\t\t\t\t\t\t\t\n\t\t\t\t\t\t\t\t<span class=\"screen-reader-text lsvr_document-featured-widget__attachment-extension-wrapper\" role=\"group\">\n\t\t\t\t\t\t\t\t\t<span class=\"lsvr_document-featured-widget__attachment-extension screen-reader-text\">File extension: pdf<\/span>\n\t\t\t\t\t\t\t\t<\/span>\n\n\t\t\t\t\t\t\t\n\t\t\t\t\t\t\t\n\t\t\t\t\t\t\t\n\t\t\t\t\t\t\t\t<span class=\"lsvr_document-featured-widget__attachment-label\">External<\/span>\n\n\t\t\t\t\t\t\t\n\t\t\t\t\t\t<\/li>\n\n\t\t\t\t\t\n\t\t\t\t\t\t<li class=\"lsvr_document-featured-widget__attachment\">\n\n    \t\t\t\t\t\t<span class=\"lsvr_document-featured-widget__attachment-icon lsvr_document-attachment-icon lsvr_document-attachment-icon--pdf lsvr_document-attachment-icon--pdf\"\n    \t\t\t\t\t\t\taria-hidden=\"true\"><\/span>\n\n\t\t\t\t\t\t\t<a href=\"https:\/\/upis.org.rs\/wp-content\/uploads\/2018\/03\/prirucnik-1.pdf\"\n\t\t\t\t\t\t\t\ttarget=\"_blank\"\n\t\t\t\t\t\t\t\tclass=\"lsvr_document-featured-widget__attachment-link\">\n\t\t\t\t\t\t\t\tPrilozi za obja\u0161njenja primedbi na predlog zakona o izmenama i dopunama zakona o igrama na sre\u0107u, koji je Vlada Republike Srbije uputila Skup\u0161tini Republike Srbije 25.6.2010.\t\t\t\t\t\t\t<\/a>\n\n\t\t\t\t\t\t\t\n\t\t\t\t\t\t\t\t<span class=\"screen-reader-text lsvr_document-featured-widget__attachment-extension-wrapper\" role=\"group\">\n\t\t\t\t\t\t\t\t\t<span class=\"lsvr_document-featured-widget__attachment-extension screen-reader-text\">File extension: pdf<\/span>\n\t\t\t\t\t\t\t\t<\/span>\n\n\t\t\t\t\t\t\t\n\t\t\t\t\t\t\t\n\t\t\t\t\t\t\t\n\t\t\t\t\t\t\t\t<span class=\"lsvr_document-featured-widget__attachment-label\">External<\/span>\n\n\t\t\t\t\t\t\t\n\t\t\t\t\t\t<\/li>\n\n\t\t\t\t\t\n\t\t\t\t\t\t<li class=\"lsvr_document-featured-widget__attachment\">\n\n    \t\t\t\t\t\t<span class=\"lsvr_document-featured-widget__attachment-icon lsvr_document-attachment-icon lsvr_document-attachment-icon--pdf lsvr_document-attachment-icon--pdf\"\n    \t\t\t\t\t\t\taria-hidden=\"true\"><\/span>\n\n\t\t\t\t\t\t\t<a href=\"https:\/\/upis.org.rs\/wp-content\/uploads\/2018\/03\/prirucnik-2a.pdf\"\n\t\t\t\t\t\t\t\ttarget=\"_blank\"\n\t\t\t\t\t\t\t\tclass=\"lsvr_document-featured-widget__attachment-link\">\n\t\t\t\t\t\t\t\tGambling and Debt Pathfinder Study Manchester Metropolitan University\t\t\t\t\t\t\t<\/a>\n\n\t\t\t\t\t\t\t\n\t\t\t\t\t\t\t\t<span class=\"screen-reader-text lsvr_document-featured-widget__attachment-extension-wrapper\" role=\"group\">\n\t\t\t\t\t\t\t\t\t<span class=\"lsvr_document-featured-widget__attachment-extension screen-reader-text\">File extension: pdf<\/span>\n\t\t\t\t\t\t\t\t<\/span>\n\n\t\t\t\t\t\t\t\n\t\t\t\t\t\t\t\n\t\t\t\t\t\t\t\n\t\t\t\t\t\t\t\t<span class=\"lsvr_document-featured-widget__attachment-label\">External<\/span>\n\n\t\t\t\t\t\t\t\n\t\t\t\t\t\t<\/li>\n\n\t\t\t\t\t\n\t\t\t\t<\/ul>\n\n\t\t\t\n\t\t\n\t\t\n\t\n<\/div>\n\n<\/div><\/div>","protected":false},"excerpt":{"rendered":"","protected":false},"author":1,"featured_media":0,"parent":0,"menu_order":0,"comment_status":"closed","ping_status":"closed","template":"","meta":{"footnotes":""},"class_list":["post-10","page","type-page","status-publish","hentry"],"_links":{"self":[{"href":"https:\/\/upis.org.rs\/sr\/wp-json\/wp\/v2\/pages\/10","targetHints":{"allow":["GET"]}}],"collection":[{"href":"https:\/\/upis.org.rs\/sr\/wp-json\/wp\/v2\/pages"}],"about":[{"href":"https:\/\/upis.org.rs\/sr\/wp-json\/wp\/v2\/types\/page"}],"author":[{"embeddable":true,"href":"https:\/\/upis.org.rs\/sr\/wp-json\/wp\/v2\/users\/1"}],"replies":[{"embeddable":true,"href":"https:\/\/upis.org.rs\/sr\/wp-json\/wp\/v2\/comments?post=10"}],"version-history":[{"count":0,"href":"https:\/\/upis.org.rs\/sr\/wp-json\/wp\/v2\/pages\/10\/revisions"}],"wp:attachment":[{"href":"https:\/\/upis.org.rs\/sr\/wp-json\/wp\/v2\/media?parent=10"}],"curies":[{"name":"wp","href":"https:\/\/api.w.org\/{rel}","templated":true}]}}