{"id":13,"date":"2018-02-28T13:31:29","date_gmt":"2018-02-28T13:31:29","guid":{"rendered":"http:\/\/udruzenje.bprsm.com\/?page_id=13"},"modified":"2021-04-08T13:34:06","modified_gmt":"2021-04-08T13:34:06","slug":"linkovi","status":"publish","type":"page","link":"https:\/\/upis.org.rs\/sr\/linkovi\/","title":{"rendered":"Linkovi"},"content":{"rendered":"<p>&nbsp;<\/p>\n<ul>\n<li style=\"list-style-type: none;\">\n<ul>\n<li><a href=\"http:\/\/www.uis.gov.rs\/\" target=\"_blank\" rel=\"noopener\">Uprava za igre na sre\u0107u<\/a><\/li>\n<li><a href=\"http:\/\/www.drajzerova.org.rs\" target=\"_blank\" rel=\"noopener\">Specijalna bolnica za bolesti zavisnosti<\/a><\/li>\n<li><a href=\"https:\/\/www.eogl.eu\/\" target=\"_blank\" rel=\"noopener\">Evropska organizacija za pravo igara na sre\u0107u (EOGL)<\/a><\/li>\n<li><a href=\"http:\/\/www.alpisbl.org\/\" target=\"_blank\" rel=\"noopener\">Asocijacija Legalnih prire\u0111iva\u010da igara na sre\u0107u<\/a><\/li>\n<li><a href=\"http:\/\/www.poslodavci.org.rs\" target=\"_blank\" rel=\"noopener\">Unija poslodavaca Srbije<\/a><\/li>\n<li><a href=\"https:\/\/ec.europa.eu\/growth\/sectors\/gambling_en\" target=\"_blank\" rel=\"noopener\">Politika i izvori prava EU o igrama na sre\u0107u<\/a><\/li>\n<\/ul>\n<\/li>\n<\/ul>","protected":false},"excerpt":{"rendered":"<p>&nbsp; Uprava za igre na sre\u0107u Specijalna bolnica za bolesti zavisnosti Evropska organizacija za pravo igara na sre\u0107u (EOGL) Asocijacija Legalnih prire\u0111iva\u010da igara na sre\u0107u Unija poslodavaca Srbije Politika i izvori prava EU o igrama na sre\u0107u<\/p>","protected":false},"author":1,"featured_media":0,"parent":0,"menu_order":0,"comment_status":"closed","ping_status":"closed","template":"","meta":{"footnotes":""},"class_list":["post-13","page","type-page","status-publish","hentry"],"_links":{"self":[{"href":"https:\/\/upis.org.rs\/sr\/wp-json\/wp\/v2\/pages\/13","targetHints":{"allow":["GET"]}}],"collection":[{"href":"https:\/\/upis.org.rs\/sr\/wp-json\/wp\/v2\/pages"}],"about":[{"href":"https:\/\/upis.org.rs\/sr\/wp-json\/wp\/v2\/types\/page"}],"author":[{"embeddable":true,"href":"https:\/\/upis.org.rs\/sr\/wp-json\/wp\/v2\/users\/1"}],"replies":[{"embeddable":true,"href":"https:\/\/upis.org.rs\/sr\/wp-json\/wp\/v2\/comments?post=13"}],"version-history":[{"count":0,"href":"https:\/\/upis.org.rs\/sr\/wp-json\/wp\/v2\/pages\/13\/revisions"}],"wp:attachment":[{"href":"https:\/\/upis.org.rs\/sr\/wp-json\/wp\/v2\/media?parent=13"}],"curies":[{"name":"wp","href":"https:\/\/api.w.org\/{rel}","templated":true}]}}