{"id":1980,"date":"2023-09-04T08:04:47","date_gmt":"2023-09-04T08:04:47","guid":{"rendered":"https:\/\/upis.org.rs\/?page_id=1980"},"modified":"2023-09-04T09:46:59","modified_gmt":"2023-09-04T09:46:59","slug":"elektronska-pristupnica","status":"publish","type":"page","link":"https:\/\/upis.org.rs\/sr\/elektronska-pristupnica\/","title":{"rendered":"Elektronska pristupnica"},"content":{"rendered":"\t\t<div data-elementor-type=\"wp-page\" data-elementor-id=\"1980\" class=\"elementor elementor-1980\">\n\t\t\t\t\t\t<section class=\"elementor-section elementor-top-section elementor-element elementor-element-640da00f elementor-section-boxed elementor-section-height-default elementor-section-height-default\" data-id=\"640da00f\" data-element_type=\"section\" data-e-type=\"section\">\n\t\t\t\t\t\t<div class=\"elementor-container elementor-column-gap-default\">\n\t\t\t\t\t<div class=\"elementor-column elementor-col-100 elementor-top-column elementor-element elementor-element-1474dd44\" data-id=\"1474dd44\" data-element_type=\"column\" data-e-type=\"column\">\n\t\t\t<div class=\"elementor-widget-wrap elementor-element-populated\">\n\t\t\t\t\t\t<div class=\"elementor-element elementor-element-3401315c elementor-widget elementor-widget-text-editor\" data-id=\"3401315c\" data-element_type=\"widget\" data-e-type=\"widget\" data-widget_type=\"text-editor.default\">\n\t\t\t\t<div class=\"elementor-widget-container\">\n\t\t\t\t\t\t\t\t\t\t\t\t\t\t\t\t\t<\/div>\n\t\t\t\t<\/div>\n\t\t\t\t\t<\/div>\n\t\t<\/div>\n\t\t\t\t\t<\/div>\n\t\t<\/section>\n\t\t\t\t<section class=\"elementor-section elementor-top-section elementor-element elementor-element-400e323 elementor-section-boxed elementor-section-height-default elementor-section-height-default\" data-id=\"400e323\" data-element_type=\"section\" data-e-type=\"section\" data-settings=\"{&quot;background_background&quot;:&quot;classic&quot;}\">\n\t\t\t\t\t\t\t<div class=\"elementor-background-overlay\"><\/div>\n\t\t\t\t\t\t\t<div class=\"elementor-container elementor-column-gap-default\">\n\t\t\t\t\t<div class=\"elementor-column elementor-col-100 elementor-top-column elementor-element elementor-element-572e09b\" data-id=\"572e09b\" data-element_type=\"column\" data-e-type=\"column\" data-settings=\"{&quot;background_background&quot;:&quot;classic&quot;}\">\n\t\t\t<div class=\"elementor-widget-wrap elementor-element-populated\">\n\t\t\t\t\t\t<div class=\"elementor-element elementor-element-558c241 elementor-widget__width-initial elementor-widget elementor-widget-wpforms\" data-id=\"558c241\" data-element_type=\"widget\" data-e-type=\"widget\" data-widget_type=\"wpforms.default\">\n\t\t\t\t<div class=\"elementor-widget-container\">\n\t\t\t\t\t<style id=\"wpforms-css-vars-elementor-widget-558c241\">\n\t\t\t\t.elementor-widget-wpforms.elementor-element-558c241 {\n\t\t\t\t--wpforms-button-background-color: #AB0606;\n\t\t\t}\n\t\t\t<\/style><div class=\"wpforms-container wpforms-container-full wpforms-block wpforms-block-f576f561-ba2a-47e2-a8f7-d789a3cfe4cf wpforms-render-modern\" id=\"wpforms-1977\"><form id=\"wpforms-form-1977\" class=\"wpforms-validate wpforms-form wpforms-ajax-form\" data-formid=\"1977\" method=\"post\" enctype=\"multipart\/form-data\" action=\"\/sr\/wp-json\/wp\/v2\/pages\/1980\" data-token=\"a66f4ff42ee958f8ce6b1cd8d521a093\" data-token-time=\"1777656683\"><noscript class=\"wpforms-error-noscript\">Please enable JavaScript in your browser to complete this form.<\/noscript><div id=\"wpforms-error-noscript\" style=\"display: none;\">Please enable JavaScript in your browser to complete this form.<\/div><div class=\"wpforms-field-container\"><div id=\"wpforms-1977-field_1-container\" class=\"wpforms-field wpforms-field-text\" data-field-id=\"1\"><label class=\"wpforms-field-label\" for=\"wpforms-1977-field_1\">Puno ime  kompanije: <span class=\"wpforms-required-label\" aria-hidden=\"true\">*<\/span><\/label><input type=\"text\" id=\"wpforms-1977-field_1\" class=\"wpforms-field-medium wpforms-field-required\" name=\"wpforms[fields][1]\" aria-errormessage=\"wpforms-1977-field_1-error\" required><\/div><div id=\"wpforms-1977-field_2-container\" class=\"wpforms-field wpforms-field-text\" data-field-id=\"2\"><label class=\"wpforms-field-label\" for=\"wpforms-1977-field_2\">Brend: <span class=\"wpforms-required-label\" aria-hidden=\"true\">*<\/span><\/label><input type=\"text\" id=\"wpforms-1977-field_2\" class=\"wpforms-field-medium wpforms-field-required\" name=\"wpforms[fields][2]\" aria-errormessage=\"wpforms-1977-field_2-error\" required><\/div><div id=\"wpforms-1977-field_3-container\" class=\"wpforms-field wpforms-field-text\" data-field-id=\"3\"><label class=\"wpforms-field-label\" for=\"wpforms-1977-field_3\">Sedi\u0161te i adresa  kompanije: <span class=\"wpforms-required-label\" aria-hidden=\"true\">*<\/span><\/label><input type=\"text\" id=\"wpforms-1977-field_3\" class=\"wpforms-field-medium wpforms-field-required\" name=\"wpforms[fields][3]\" aria-errormessage=\"wpforms-1977-field_3-error\" required><\/div><div id=\"wpforms-1977-field_4-container\" class=\"wpforms-field wpforms-field-text\" data-field-id=\"4\"><label class=\"wpforms-field-label\" for=\"wpforms-1977-field_4\">Mati\u010dni broj: <span class=\"wpforms-required-label\" aria-hidden=\"true\">*<\/span><\/label><input type=\"text\" id=\"wpforms-1977-field_4\" class=\"wpforms-field-medium wpforms-field-required\" name=\"wpforms[fields][4]\" aria-errormessage=\"wpforms-1977-field_4-error\" required><\/div><div id=\"wpforms-1977-field_5-container\" class=\"wpforms-field wpforms-field-text\" data-field-id=\"5\"><label class=\"wpforms-field-label\" for=\"wpforms-1977-field_5\">PIB: <span class=\"wpforms-required-label\" aria-hidden=\"true\">*<\/span><\/label><input type=\"text\" id=\"wpforms-1977-field_5\" class=\"wpforms-field-medium wpforms-field-required\" name=\"wpforms[fields][5]\" aria-errormessage=\"wpforms-1977-field_5-error\" required><\/div><div id=\"wpforms-1977-field_6-container\" class=\"wpforms-field wpforms-field-text\" data-field-id=\"6\"><label class=\"wpforms-field-label\" for=\"wpforms-1977-field_6\">Podaci o odobrenjima\/licencama za prire\u0111ivanje: <span class=\"wpforms-required-label\" aria-hidden=\"true\">*<\/span><\/label><input type=\"text\" id=\"wpforms-1977-field_6\" class=\"wpforms-field-medium wpforms-field-required\" name=\"wpforms[fields][6]\" aria-errormessage=\"wpforms-1977-field_6-error\" required><\/div><div id=\"wpforms-1977-field_7-container\" class=\"wpforms-field wpforms-field-text\" data-field-id=\"7\"><label class=\"wpforms-field-label\" for=\"wpforms-1977-field_7\">Ukupan broj objekata-lokala: <span class=\"wpforms-required-label\" aria-hidden=\"true\">*<\/span><\/label><input type=\"text\" id=\"wpforms-1977-field_7\" class=\"wpforms-field-medium wpforms-field-required\" name=\"wpforms[fields][7]\" aria-errormessage=\"wpforms-1977-field_7-error\" required><\/div><div id=\"wpforms-1977-field_8-container\" class=\"wpforms-field wpforms-field-text\" data-field-id=\"8\"><label class=\"wpforms-field-label\" for=\"wpforms-1977-field_8\">Ukupan broj zaposlenih: <span class=\"wpforms-required-label\" aria-hidden=\"true\">*<\/span><\/label><input type=\"text\" id=\"wpforms-1977-field_8\" class=\"wpforms-field-medium wpforms-field-required\" name=\"wpforms[fields][8]\" aria-errormessage=\"wpforms-1977-field_8-error\" required><\/div><div id=\"wpforms-1977-field_9-container\" class=\"wpforms-field wpforms-field-text\" data-field-id=\"9\"><label class=\"wpforms-field-label\" for=\"wpforms-1977-field_9\">Podaci o vlasnicima\/osniva\u010dima sa procentualnim udelom: <span class=\"wpforms-required-label\" aria-hidden=\"true\">*<\/span><\/label><input type=\"text\" id=\"wpforms-1977-field_9\" class=\"wpforms-field-medium wpforms-field-required\" name=\"wpforms[fields][9]\" aria-errormessage=\"wpforms-1977-field_9-error\" required><\/div><div id=\"wpforms-1977-field_10-container\" class=\"wpforms-field wpforms-field-text\" data-field-id=\"10\"><label class=\"wpforms-field-label\" for=\"wpforms-1977-field_10\">Ime i prezime zakonskog zastupnika (JMBG) i njegovi kontakt podaci: <span class=\"wpforms-required-label\" aria-hidden=\"true\">*<\/span><\/label><input type=\"text\" id=\"wpforms-1977-field_10\" class=\"wpforms-field-medium wpforms-field-required\" name=\"wpforms[fields][10]\" aria-errormessage=\"wpforms-1977-field_10-error\" required><\/div><div id=\"wpforms-1977-field_11-container\" class=\"wpforms-field wpforms-field-text\" data-field-id=\"11\"><label class=\"wpforms-field-label\" for=\"wpforms-1977-field_11\">Ime i prezime lica za kontakt u vezi pristupanja UPIS-u <span class=\"wpforms-required-label\" aria-hidden=\"true\">*<\/span><\/label><input type=\"text\" id=\"wpforms-1977-field_11\" class=\"wpforms-field-medium wpforms-field-required\" name=\"wpforms[fields][11]\" aria-errormessage=\"wpforms-1977-field_11-error\" required><\/div><div id=\"wpforms-1977-field_12-container\" class=\"wpforms-field wpforms-field-checkbox\" data-field-id=\"12\"><fieldset><legend class=\"wpforms-field-label wpforms-label-hide\" aria-hidden=\"false\">Checkboxes <span class=\"wpforms-required-label\" aria-hidden=\"true\">*<\/span><\/legend><ul id=\"wpforms-1977-field_12\" class=\"wpforms-field-required\"><li class=\"choice-1 depth-1\"><input type=\"checkbox\" id=\"wpforms-1977-field_12_1\" name=\"wpforms[fields][12][]\" value=\"Slanjem ove Pristupnice izra\u017eavamo na\u0161u \u017eelju i nameru da pristupimo Udru\u017eenju prire\u0111iva\u010da igara na sre\u0107u - UPIS  te izjavljujemo da  \u0107emo se u svom delovanju u potpunosti pridr\u017eavati odredbi  STATUTA  UPIS-a\" aria-errormessage=\"wpforms-1977-field_12_1-error\" required ><label class=\"wpforms-field-label-inline\" for=\"wpforms-1977-field_12_1\">Slanjem ove Pristupnice izra\u017eavamo na\u0161u \u017eelju i nameru da pristupimo Udru\u017eenju prire\u0111iva\u010da igara na sre\u0107u - UPIS  te izjavljujemo da  \u0107emo se u svom delovanju u potpunosti pridr\u017eavati odredbi  STATUTA  UPIS-a<\/label><\/li><\/ul><\/fieldset><\/div><\/div><!-- .wpforms-field-container --><div class=\"wpforms-submit-container\" ><input type=\"hidden\" name=\"wpforms[id]\" value=\"1977\"><input type=\"hidden\" name=\"page_title\" value=\"\"><input type=\"hidden\" name=\"page_url\" value=\"https:\/\/upis.org.rs\/sr\/wp-json\/wp\/v2\/pages\/1980\"><input type=\"hidden\" name=\"url_referer\" value=\"\"><button type=\"submit\" name=\"wpforms[submit]\" id=\"wpforms-submit-1977\" class=\"wpforms-submit\" data-alt-text=\"\u0160alje se...\" data-submit-text=\"Potvrdi\" aria-live=\"assertive\" value=\"wpforms-submit\">Potvrdi<\/button><img decoding=\"async\" src=\"https:\/\/upis.org.rs\/wp-content\/plugins\/wpforms-lite\/assets\/images\/submit-spin.svg\" class=\"wpforms-submit-spinner\" style=\"display: none;\" width=\"26\" height=\"26\" alt=\"Loading\"><\/div><\/form><\/div>  <!-- .wpforms-container -->\t\t\t\t<\/div>\n\t\t\t\t<\/div>\n\t\t\t\t\t<\/div>\n\t\t<\/div>\n\t\t\t\t\t<\/div>\n\t\t<\/section>\n\t\t\t\t<\/div>\n\t\t","protected":false},"excerpt":{"rendered":"<p>Please enable JavaScript in your browser to complete this form.Please enable JavaScript in your browser to complete this form.Puno ime kompanije: *Brend: *Sedi\u0161te i adresa kompanije: *Mati\u010dni broj: *PIB: *Podaci o odobrenjima\/licencama za prire\u0111ivanje: *Ukupan broj objekata-lokala: *Ukupan broj zaposlenih: *Podaci o vlasnicima\/osniva\u010dima sa procentualnim udelom: *Ime i prezime zakonskog zastupnika (JMBG) i njegovi kontakt [&hellip;]<\/p>\n","protected":false},"author":3,"featured_media":0,"parent":0,"menu_order":0,"comment_status":"closed","ping_status":"closed","template":"","meta":{"footnotes":""},"class_list":["post-1980","page","type-page","status-publish","hentry"],"_links":{"self":[{"href":"https:\/\/upis.org.rs\/sr\/wp-json\/wp\/v2\/pages\/1980","targetHints":{"allow":["GET"]}}],"collection":[{"href":"https:\/\/upis.org.rs\/sr\/wp-json\/wp\/v2\/pages"}],"about":[{"href":"https:\/\/upis.org.rs\/sr\/wp-json\/wp\/v2\/types\/page"}],"author":[{"embeddable":true,"href":"https:\/\/upis.org.rs\/sr\/wp-json\/wp\/v2\/users\/3"}],"replies":[{"embeddable":true,"href":"https:\/\/upis.org.rs\/sr\/wp-json\/wp\/v2\/comments?post=1980"}],"version-history":[{"count":0,"href":"https:\/\/upis.org.rs\/sr\/wp-json\/wp\/v2\/pages\/1980\/revisions"}],"wp:attachment":[{"href":"https:\/\/upis.org.rs\/sr\/wp-json\/wp\/v2\/media?parent=1980"}],"curies":[{"name":"wp","href":"https:\/\/api.w.org\/{rel}","templated":true}]}}