{"id":9,"date":"2018-02-28T13:31:29","date_gmt":"2018-02-28T13:31:29","guid":{"rendered":"http:\/\/udruzenje.bprsm.com\/?page_id=9"},"modified":"2021-04-08T14:47:53","modified_gmt":"2021-04-08T14:47:53","slug":"o-nama","status":"publish","type":"page","link":"https:\/\/upis.org.rs\/sr\/o-nama\/","title":{"rendered":"O nama"},"content":{"rendered":"<p>Udru\u017eenje prire\u0111iva\u010da igara na sre\u0107u osnovano je u maju 2010. godine sa ciljem da se unaprede ukupni standardi poslovanja u toj industriji u na\u0161oj zemlji, da se pove\u0107a svest o potrebi kvalitetnog dru\u0161tveno odgovornog poslovanja i da Udru\u017eenje \u043a\u0430\u043e kredibilan partner i sagovornik sara\u0111uje sa dr\u017eavnim organima u domenu normativnog ure\u0111enja oblasti igara na sre\u0107u.<\/p>\n<p>Jedan od veoma va\u017enih ciljeva Udru\u017eenja jeste i nastojanje da se predstavljanjem stvarnog stanja i \u010dinjenicama spre\u010de bezrazlo\u017ene kritike koje u javnosti neretko industriju igara na sre\u0107u prikazuju u negativnom svetlu, a posredno i sve zaposlene u toj industriji.<\/p>\n<p>Zahvaljuju\u0107i reprezentativnom tr\u017ei\u0161nom u\u010de\u0161\u0107u i kvalitetnom radu, Udru\u017eenje je nedugo po osnivanju prepoznato kao relevantan sagovornik nadle\u017enih dr\u017eavnih organa i skup\u0161tinskih odbora u kreiranju normativnih re\u0161enja u oblasti igara na sre\u0107u u Srbiji.<\/p>\n<p>U skladu sa dru\u0161tvenom odgovorno\u0161\u0107u svojih \u010dlanica, Udru\u017eenje je u saradnji sa Specijalnom bolnicom za bolesti zavisnosti iz Drajzerove pokrenulo projekat \u201cMogu\u0107e je prekinuti\u201d u okviru kojeg \u0107e svi zaposleni u kompanijama \u2013 \u010dlanicama pro\u0107i edukaciju u prepoznavanju simptoma zavisnosti od igara na sre\u0107u. Edukacija je u toku, a svim zaposlenima koji je zavr\u0161e uru\u010duju se, u skladu sa me\u0111unarodnim standardima, individualni sertifikati. Tako\u0111e, sertifikati \u0107e se nalaziti i u svim kompanijskim poslovnicima \u010dije je osoblje zavr\u0161ilo pomenutu edukaciju. Procenjujemo da \u0107e do kraja 2011. godine oko 2000 na\u0161ih zaposlenih uspe\u0161no zavr\u0161iti edukaciju, a obuka u prepoznavanju simptoma zavisnosti od igara na sre\u0107u je i obaveza svih novozaposlenih radnika. Projekat \u201cMogu\u0107e je prekinuti\u201d prati i adekvatan promo materijal \u2013 posteri I bro\u0161ure koji se nalaze u svim poslovnicama kompanija koje su na\u0161e \u010dlanice.<\/p>","protected":false},"excerpt":{"rendered":"<p>Udru\u017eenje prire\u0111iva\u010da igara na sre\u0107u osnovano je u maju 2010. godine sa ciljem da se unaprede ukupni standardi poslovanja u toj industriji u na\u0161oj zemlji, da se pove\u0107a svest o potrebi kvalitetnog dru\u0161tveno odgovornog poslovanja i da Udru\u017eenje \u043a\u0430\u043e kredibilan partner i sagovornik sara\u0111uje sa dr\u017eavnim organima u domenu normativnog ure\u0111enja oblasti igara na sre\u0107u. [&hellip;]<\/p>\n","protected":false},"author":1,"featured_media":0,"parent":0,"menu_order":0,"comment_status":"closed","ping_status":"closed","template":"page-templates\/sidebar-right.php","meta":{"footnotes":""},"class_list":["post-9","page","type-page","status-publish","hentry"],"_links":{"self":[{"href":"https:\/\/upis.org.rs\/sr\/wp-json\/wp\/v2\/pages\/9","targetHints":{"allow":["GET"]}}],"collection":[{"href":"https:\/\/upis.org.rs\/sr\/wp-json\/wp\/v2\/pages"}],"about":[{"href":"https:\/\/upis.org.rs\/sr\/wp-json\/wp\/v2\/types\/page"}],"author":[{"embeddable":true,"href":"https:\/\/upis.org.rs\/sr\/wp-json\/wp\/v2\/users\/1"}],"replies":[{"embeddable":true,"href":"https:\/\/upis.org.rs\/sr\/wp-json\/wp\/v2\/comments?post=9"}],"version-history":[{"count":0,"href":"https:\/\/upis.org.rs\/sr\/wp-json\/wp\/v2\/pages\/9\/revisions"}],"wp:attachment":[{"href":"https:\/\/upis.org.rs\/sr\/wp-json\/wp\/v2\/media?parent=9"}],"curies":[{"name":"wp","href":"https:\/\/api.w.org\/{rel}","templated":true}]}}